{"id":342,"date":"2023-04-30T12:02:02","date_gmt":"2023-04-30T12:02:02","guid":{"rendered":"https:\/\/stimcontainers.com\/?page_id=342"},"modified":"2023-04-30T17:19:12","modified_gmt":"2023-04-30T17:19:12","slug":"about-us","status":"publish","type":"page","link":"http:\/\/stimcontainers.com\/sv\/om-oss\/","title":{"rendered":"Om oss"},"content":{"rendered":"<div data-elementor-type=\"wp-page\" data-elementor-id=\"342\" class=\"elementor elementor-342\">\n\t\t\t\t\t\t\t\t\t<section class=\"elementor-section elementor-top-section elementor-element elementor-element-11cd113 elementor-section-height-min-height elementor-section-items-stretch elementor-section-boxed elementor-section-height-default\" data-id=\"11cd113\" data-element_type=\"section\" data-settings=\"{&quot;background_background&quot;:&quot;video&quot;,&quot;background_video_link&quot;:&quot;https:\\\/\\\/stimcontainers.com\\\/wp-content\\\/uploads\\\/2023\\\/04\\\/STIM-background.mp4&quot;,&quot;background_play_on_mobile&quot;:&quot;yes&quot;}\">\n\t\t\t\t\t\t\t\t<div class=\"elementor-background-video-container\">\n\t\t\t\t\t\t\t\t\t\t\t\t\t<video class=\"elementor-background-video-hosted elementor-html5-video\" autoplay muted playsinline loop><\/video>\n\t\t\t\t\t\t\t\t\t\t\t<\/div>\n\t\t\t\t\t\t\t\t\t<div class=\"elementor-background-overlay\"><\/div>\n\t\t\t\t\t\t\t<div class=\"elementor-container elementor-column-gap-default\">\n\t\t\t\t\t<div class=\"elementor-column elementor-col-100 elementor-top-column elementor-element elementor-element-0bb6985\" data-id=\"0bb6985\" data-element_type=\"column\">\n\t\t\t<div class=\"elementor-widget-wrap elementor-element-populated\">\n\t\t\t\t\t\t\t\t<div class=\"elementor-element elementor-element-c31506c elementor-widget elementor-widget-dce-breadcrumbs\" data-id=\"c31506c\" data-element_type=\"widget\" data-widget_type=\"dce-breadcrumbs.default\">\n\t\t\t\t<div class=\"elementor-widget-container\">\n\t\t\t<ul><li class=\"item-home\"><a class=\"bread-link bread-home\" href=\"http:\/\/stimcontainers.com\/sv\" title=\"Hemsidan\">Hemsidan<\/a><\/li><li class=\"separator separator-home\"> <span class=\"dce-separator\"> &gt; <\/span> <\/li><\/ul>\t\t<\/div>\n\t\t\t\t<\/div>\n\t\t\t\t<div class=\"elementor-element elementor-element-e6c71fc elementor-widget elementor-widget-heading\" data-id=\"e6c71fc\" data-element_type=\"widget\" data-widget_type=\"heading.default\">\n\t\t\t\t<div class=\"elementor-widget-container\">\n\t\t\t<style>\/*! elementor - v3.11.5 - 14-03-2023 *\/\n.elementor-heading-title{padding:0;margin:0;line-height:1}.elementor-widget-heading .elementor-heading-title[class*=elementor-size-]>a{color:inherit;font-size:inherit;line-height:inherit}.elementor-widget-heading .elementor-heading-title.elementor-size-small{font-size:15px}.elementor-widget-heading .elementor-heading-title.elementor-size-medium{font-size:19px}.elementor-widget-heading .elementor-heading-title.elementor-size-large{font-size:29px}.elementor-widget-heading .elementor-heading-title.elementor-size-xl{font-size:39px}.elementor-widget-heading .elementor-heading-title.elementor-size-xxl{font-size:59px}<\/style><h1 class=\"elementor-heading-title elementor-size-default\">Om oss<\/h1>\t\t<\/div>\n\t\t\t\t<\/div>\n\t\t\t\t\t<\/div>\n\t\t<\/div>\n\t\t\t\t\t\t\t<\/div>\n\t\t<\/section>\n\t\t<div class=\"elementor-element elementor-element-ca7ef82 e-con-boxed e-con\" data-id=\"ca7ef82\" data-element_type=\"container\" data-settings=\"{&quot;background_background&quot;:&quot;gradient&quot;,&quot;content_width&quot;:&quot;boxed&quot;}\">\n\t\t\t\t\t<div class=\"e-con-inner\">\n\t\t<div class=\"elementor-element elementor-element-1402778 e-con-full e-con\" data-id=\"1402778\" data-element_type=\"container\" data-settings=\"{&quot;content_width&quot;:&quot;full&quot;}\">\n\t\t\t\t<div class=\"elementor-element elementor-element-ba43b8c elementor-widget elementor-widget-counter\" data-id=\"ba43b8c\" data-element_type=\"widget\" data-widget_type=\"counter.default\">\n\t\t\t\t<div class=\"elementor-widget-container\">\n\t\t\t<style>\/*! elementor - v3.11.5 - 14-03-2023 *\/\n.elementor-counter .elementor-counter-number-wrapper{display:flex;font-size:69px;font-weight:600;line-height:1}.elementor-counter .elementor-counter-number-prefix,.elementor-counter .elementor-counter-number-suffix{flex-grow:1;white-space:pre-wrap}.elementor-counter .elementor-counter-number-prefix{text-align:right}.elementor-counter .elementor-counter-number-suffix{text-align:left}.elementor-counter .elementor-counter-title{text-align:center;font-size:19px;font-weight:400;line-height:2.5}<\/style>\t\t<div class=\"elementor-counter\">\n\t\t\t<div class=\"elementor-counter-number-wrapper\">\n\t\t\t\t<span class=\"elementor-counter-number-prefix\"><\/span>\n\t\t\t\t<span class=\"elementor-counter-number\" data-duration=\"2000\" data-to-value=\"25\" data-from-value=\"0\" data-delimiter=\",\">0<\/span>\n\t\t\t\t<span class=\"elementor-counter-number-suffix\"> \u00e5r<\/span>\n\t\t\t<\/div>\n\t\t\t\t\t\t\t<div class=\"elementor-counter-title\">Erfarenhet<\/div>\n\t\t\t\t\t<\/div>\n\t\t\t\t<\/div>\n\t\t\t\t<\/div>\n\t\t\t\t<\/div>\n\t\t<div class=\"elementor-element elementor-element-bd69c82 e-con-full e-con\" data-id=\"bd69c82\" data-element_type=\"container\" data-settings=\"{&quot;content_width&quot;:&quot;full&quot;}\">\n\t\t\t\t<div class=\"elementor-element elementor-element-b885177 elementor-widget elementor-widget-counter\" data-id=\"b885177\" data-element_type=\"widget\" data-widget_type=\"counter.default\">\n\t\t\t\t<div class=\"elementor-widget-container\">\n\t\t\t\t\t<div class=\"elementor-counter\">\n\t\t\t<div class=\"elementor-counter-number-wrapper\">\n\t\t\t\t<span class=\"elementor-counter-number-prefix\"><\/span>\n\t\t\t\t<span class=\"elementor-counter-number\" data-duration=\"2000\" data-to-value=\"400\" data-from-value=\"0\" data-delimiter=\",\">0<\/span>\n\t\t\t\t<span class=\"elementor-counter-number-suffix\">+ ton<\/span>\n\t\t\t<\/div>\n\t\t\t\t\t\t\t<div class=\"elementor-counter-title\">per m\u00e5nad<\/div>\n\t\t\t\t\t<\/div>\n\t\t\t\t<\/div>\n\t\t\t\t<\/div>\n\t\t\t\t<\/div>\n\t\t<div class=\"elementor-element elementor-element-bd94eb7 e-con-full e-con\" data-id=\"bd94eb7\" data-element_type=\"container\" data-settings=\"{&quot;content_width&quot;:&quot;full&quot;}\">\n\t\t\t\t<div class=\"elementor-element elementor-element-8dcc9b1 elementor-widget elementor-widget-counter\" data-id=\"8dcc9b1\" data-element_type=\"widget\" data-widget_type=\"counter.default\">\n\t\t\t\t<div class=\"elementor-widget-container\">\n\t\t\t\t\t<div class=\"elementor-counter\">\n\t\t\t<div class=\"elementor-counter-number-wrapper\">\n\t\t\t\t<span class=\"elementor-counter-number-prefix\"><\/span>\n\t\t\t\t<span class=\"elementor-counter-number\" data-duration=\"2000\" data-to-value=\"300\" data-from-value=\"0\" data-delimiter=\",\">0<\/span>\n\t\t\t\t<span class=\"elementor-counter-number-suffix\">+ modeller<\/span>\n\t\t\t<\/div>\n\t\t\t\t\t\t\t<div class=\"elementor-counter-title\">av beh\u00e5llare<\/div>\n\t\t\t\t\t<\/div>\n\t\t\t\t<\/div>\n\t\t\t\t<\/div>\n\t\t\t\t<\/div>\n\t\t\t\t\t<\/div>\n\t\t\t\t<\/div>\n\t\t\t\t<section class=\"elementor-section elementor-top-section elementor-element elementor-element-4fb66563 elementor-section-boxed elementor-section-height-default elementor-section-height-default\" data-id=\"4fb66563\" data-element_type=\"section\">\n\t\t\t\t\t\t<div class=\"elementor-container elementor-column-gap-default\">\n\t\t\t\t\t<div class=\"elementor-column elementor-col-66 elementor-top-column elementor-element elementor-element-151606b9\" data-id=\"151606b9\" data-element_type=\"column\">\n\t\t\t<div class=\"elementor-widget-wrap elementor-element-populated\">\n\t\t\t\t\t\t\t\t<div class=\"elementor-element elementor-element-7a93c497 elementor-widget elementor-widget-text-editor\" data-id=\"7a93c497\" data-element_type=\"widget\" data-widget_type=\"text-editor.default\">\n\t\t\t\t<div class=\"elementor-widget-container\">\n\t\t\t<style>\/*! elementor - v3.11.5 - 14-03-2023 *\/\n.elementor-widget-text-editor.elementor-drop-cap-view-stacked .elementor-drop-cap{background-color:#818a91;color:#fff}.elementor-widget-text-editor.elementor-drop-cap-view-framed .elementor-drop-cap{color:#818a91;border:3px solid;background-color:transparent}.elementor-widget-text-editor:not(.elementor-drop-cap-view-default) .elementor-drop-cap{margin-top:8px}.elementor-widget-text-editor:not(.elementor-drop-cap-view-default) .elementor-drop-cap-letter{width:1em;height:1em}.elementor-widget-text-editor .elementor-drop-cap{float:left;text-align:center;line-height:1;font-size:50px}.elementor-widget-text-editor .elementor-drop-cap-letter{display:inline-block}<\/style>\t\t\t\t<!-- wp:paragraph -->\n<p><strong>V\u00e4lkommen till STIM Containers, en ledande akt\u00f6r inom st\u00e5lcontainersindustrin och en stolt medlem av den ansedda <a href=\"http:\/\/stimindustry.com\" target=\"_blank\" rel=\"noopener\">STIM-industrin<\/a> grupp. \u00c4ven om v\u00e5rt f\u00f6retag \u00e4r relativt ungt har vi ett k\u00e4rnteam med \u00f6ver 25 \u00e5rs ov\u00e4rderlig erfarenhet av st\u00e5lkonstruktion.<\/strong><\/p>\n<!-- \/wp:paragraph --><!-- wp:paragraph -->\n<p>V\u00e5r strategiska produktionsanl\u00e4ggning ligger i Ventspils i Lettland och erbjuder en viktig f\u00f6rdel n\u00e4r det g\u00e4ller effektiv logistik. Ventspils ligger vid \u00d6stersj\u00f6kusten och ger oss utm\u00e4rkta f\u00f6rbindelser till globala marknader, s\u00e4rskilt i Europa. Denna strategiska placering g\u00f6r det m\u00f6jligt f\u00f6r oss att leverera v\u00e5ra produkter snabbt och smidigt till kunder \u00f6ver hela v\u00e4rlden, vilket garanterar snabb och p\u00e5litlig service.<\/p>\n<!-- \/wp:paragraph --><!-- wp:paragraph -->\n<p>P\u00e5 STIM Containers prioriterar vi exceptionell kvalitet i varje aspekt av v\u00e5r verksamhet. V\u00e5r produktionsprocess f\u00f6ljer de h\u00f6gsta industristandarderna, vilket garanterar oklanderligt hantverk och h\u00e5llbarhet hos v\u00e5ra st\u00e5lcontainrar. F\u00f6r att ytterligare bekr\u00e4fta v\u00e5rt engagemang f\u00f6r kvalitet har vi alla n\u00f6dv\u00e4ndiga certifieringar som visar att vi f\u00f6ljer internationella kvalitets- och s\u00e4kerhetsbest\u00e4mmelser.<\/p>\n<!-- \/wp:paragraph --><!-- wp:paragraph -->\n<p>Men v\u00e5rt engagemang f\u00f6r kvalitet slutar inte d\u00e4r. Vi tar kvalitetskontrollen p\u00e5 allvar och genomf\u00f6r rigor\u00f6sa interna tester f\u00f6r att se till att varje beh\u00e5llare som l\u00e4mnar v\u00e5r anl\u00e4ggning uppfyller v\u00e5ra str\u00e4nga kvalitetsnormer. Detta noggranna tillv\u00e4gag\u00e5ngss\u00e4tt garanterar att v\u00e5ra kunder f\u00e5r produkter av h\u00f6gsta kaliber, som \u00e4r byggda f\u00f6r att t\u00e5la de tuffaste f\u00f6rh\u00e5llandena och ge l\u00e5ngvarig prestanda.<\/p>\n<!-- \/wp:paragraph --><!-- wp:paragraph -->\n<p>Vi f\u00f6rst\u00e5r att varje kund har unika behov och krav. D\u00e4rf\u00f6r arbetar v\u00e5rt expertteam n\u00e4ra kunderna f\u00f6r att skr\u00e4ddarsy l\u00f6sningar som uppfyller deras specifika krav. Oavsett om du beh\u00f6ver standardcontainrar eller skr\u00e4ddarsydda l\u00f6sningar finns v\u00e5ra erfarna proffs h\u00e4r f\u00f6r att hj\u00e4lpa dig i varje steg p\u00e5 v\u00e4gen. Vi \u00e4r stolta \u00f6ver v\u00e5r f\u00f6rm\u00e5ga att leverera skr\u00e4ddarsydda containrar som \u00e4r perfekt anpassade till dina m\u00e5l och som hj\u00e4lper dig att n\u00e5 dina m\u00e5l p\u00e5 ett effektivt och \u00e4ndam\u00e5lsenligt s\u00e4tt.<\/p>\n<!-- \/wp:paragraph --><!-- wp:paragraph -->\n<p>Kundtillfredsst\u00e4llelse st\u00e5r i centrum f\u00f6r allt vi g\u00f6r. Vi prioriterar \u00f6ppen kommunikation, snabb leverans och o\u00f6vertr\u00e4ffad kundservice f\u00f6r att se till att v\u00e5ra kunder f\u00e5r den b\u00e4sta m\u00f6jliga upplevelsen. V\u00e5rt engagerade team \u00e4r alltid redo att besvara dina fr\u00e5gor, ge expertr\u00e5d och erbjuda omfattande st\u00f6d under hela processen.<\/p>\n<!-- \/wp:paragraph --><!-- wp:paragraph -->\n<p>N\u00e4r det g\u00e4ller st\u00e5lcontainrar \u00e4r STIM Containers din p\u00e5litliga partner. Med v\u00e5r exceptionella expertis, toppmoderna produktionsanl\u00e4ggning, str\u00e4nga kvalitetskontroll och kundorienterade inst\u00e4llning \u00e4r vi v\u00e4l rustade f\u00f6r att uppfylla dina behov och \u00f6vertr\u00e4ffa dina f\u00f6rv\u00e4ntningar.<\/p>\n<!-- \/wp:paragraph --><!-- wp:paragraph -->\n<p>Kontakta oss idag f\u00f6r att f\u00e5 veta mer om v\u00e5ra premium st\u00e5lcontainrar och hur vi kan hj\u00e4lpa dig att hitta den perfekta l\u00f6sningen f\u00f6r din lagring, transport eller specialiserade behov. Upplev skillnaden med STIM Containers och l\u00e5s upp en v\u00e4rld av m\u00f6jligheter f\u00f6r ditt f\u00f6retag.<\/p>\n<!-- \/wp:paragraph -->\t\t\t\t\t\t<\/div>\n\t\t\t\t<\/div>\n\t\t\t\t\t<\/div>\n\t\t<\/div>\n\t\t\t\t<div class=\"elementor-column elementor-col-33 elementor-top-column elementor-element elementor-element-3e0e267\" data-id=\"3e0e267\" data-element_type=\"column\">\n\t\t\t<div class=\"elementor-widget-wrap elementor-element-populated\">\n\t\t\t\t\t\t\t\t<section class=\"elementor-section elementor-inner-section elementor-element elementor-element-0411207 elementor-section-boxed elementor-section-height-default elementor-section-height-default\" data-id=\"0411207\" data-element_type=\"section\" data-settings=\"{&quot;background_background&quot;:&quot;classic&quot;}\">\n\t\t\t\t\t\t<div class=\"elementor-container elementor-column-gap-default\">\n\t\t\t\t\t<div class=\"elementor-column elementor-col-100 elementor-inner-column elementor-element elementor-element-3f74b40\" data-id=\"3f74b40\" data-element_type=\"column\" data-settings=\"{&quot;background_background&quot;:&quot;classic&quot;}\">\n\t\t\t<div class=\"elementor-widget-wrap elementor-element-populated\">\n\t\t\t\t\t\t\t\t<div class=\"elementor-element elementor-element-0b63650 elementor-widget elementor-widget-heading\" data-id=\"0b63650\" data-element_type=\"widget\" data-widget_type=\"heading.default\">\n\t\t\t\t<div class=\"elementor-widget-container\">\n\t\t\t<h2 class=\"elementor-heading-title elementor-size-default\">ISO 1409<\/h2>\t\t<\/div>\n\t\t\t\t<\/div>\n\t\t\t\t<div class=\"elementor-element elementor-element-5329fb6 dce_masking-none elementor-widget elementor-widget-image\" data-id=\"5329fb6\" data-element_type=\"widget\" data-widget_type=\"image.default\">\n\t\t\t\t<div class=\"elementor-widget-container\">\n\t\t\t<style>\/*! elementor - v3.11.5 - 14-03-2023 *\/\n.elementor-widget-image{text-align:center}.elementor-widget-image a{display:inline-block}.elementor-widget-image a img[src$=\".svg\"]{width:48px}.elementor-widget-image img{vertical-align:middle;display:inline-block}<\/style>\t\t\t\t\t\t\t\t\t\t\t\t\t<a href=\"https:\/\/stimcontainers.com\/wp-content\/uploads\/2023\/04\/EN-1090-1-scaled-1.webp\" data-elementor-open-lightbox=\"yes\" data-elementor-lightbox-title=\"EN-1090-1-scaled.webp\" data-e-action-hash=\"#elementor-action%3Aaction%3Dlightbox%26settings%3DeyJpZCI6MzgyLCJ1cmwiOiJodHRwczpcL1wvc3RpbWNvbnRhaW5lcnMuY29tXC93cC1jb250ZW50XC91cGxvYWRzXC8yMDIzXC8wNFwvRU4tMTA5MC0xLXNjYWxlZC0xLndlYnAifQ%3D%3D\">\n\t\t\t\t\t\t\t<img loading=\"lazy\" decoding=\"async\" width=\"212\" height=\"300\" src=\"https:\/\/stimcontainers.com\/wp-content\/uploads\/2023\/04\/EN-1090-1-scaled-1-212x300.webp\" class=\"attachment-medium size-medium wp-image-382\" alt=\"\" srcset=\"https:\/\/stimcontainers.com\/wp-content\/uploads\/2023\/04\/EN-1090-1-scaled-1-212x300.webp 212w, https:\/\/stimcontainers.com\/wp-content\/uploads\/2023\/04\/EN-1090-1-scaled-1-724x1024.webp 724w, https:\/\/stimcontainers.com\/wp-content\/uploads\/2023\/04\/EN-1090-1-scaled-1-768x1086.webp 768w, https:\/\/stimcontainers.com\/wp-content\/uploads\/2023\/04\/EN-1090-1-scaled-1-1086x1536.webp 1086w, https:\/\/stimcontainers.com\/wp-content\/uploads\/2023\/04\/EN-1090-1-scaled-1-1448x2048.webp 1448w, https:\/\/stimcontainers.com\/wp-content\/uploads\/2023\/04\/EN-1090-1-scaled-1-8x12.webp 8w, https:\/\/stimcontainers.com\/wp-content\/uploads\/2023\/04\/EN-1090-1-scaled-1.webp 1810w\" sizes=\"auto, (max-width: 212px) 100vw, 212px\" \/>\t\t\t\t\t\t\t\t<\/a>\n\t\t\t\t\t\t\t\t\t\t\t\t\t\t\t<\/div>\n\t\t\t\t<\/div>\n\t\t\t\t\t<\/div>\n\t\t<\/div>\n\t\t\t\t\t\t\t<\/div>\n\t\t<\/section>\n\t\t\t\t<section class=\"elementor-section elementor-inner-section elementor-element elementor-element-ced2f40 elementor-section-boxed elementor-section-height-default elementor-section-height-default\" data-id=\"ced2f40\" data-element_type=\"section\" data-settings=\"{&quot;background_background&quot;:&quot;classic&quot;}\">\n\t\t\t\t\t\t<div class=\"elementor-container elementor-column-gap-default\">\n\t\t\t\t\t<div class=\"elementor-column elementor-col-100 elementor-inner-column elementor-element elementor-element-4091f32\" data-id=\"4091f32\" data-element_type=\"column\" data-settings=\"{&quot;background_background&quot;:&quot;classic&quot;}\">\n\t\t\t<div class=\"elementor-widget-wrap elementor-element-populated\">\n\t\t\t\t\t\t\t\t<div class=\"elementor-element elementor-element-05540d5 elementor-widget elementor-widget-heading\" data-id=\"05540d5\" data-element_type=\"widget\" data-widget_type=\"heading.default\">\n\t\t\t\t<div class=\"elementor-widget-container\">\n\t\t\t<h2 class=\"elementor-heading-title elementor-size-default\">ISO 3834<\/h2>\t\t<\/div>\n\t\t\t\t<\/div>\n\t\t\t\t<div class=\"elementor-element elementor-element-1e8b500 dce_masking-none elementor-widget elementor-widget-image\" data-id=\"1e8b500\" data-element_type=\"widget\" data-widget_type=\"image.default\">\n\t\t\t\t<div class=\"elementor-widget-container\">\n\t\t\t\t\t\t\t\t\t\t\t\t\t\t\t\t<a href=\"https:\/\/stimcontainers.com\/wp-content\/uploads\/2023\/04\/ISO-3834-2-scaled-1.webp\" data-elementor-open-lightbox=\"yes\" data-elementor-lightbox-title=\"ISO-3834-2-scaled.webp\" data-e-action-hash=\"#elementor-action%3Aaction%3Dlightbox%26settings%3DeyJpZCI6Mzg0LCJ1cmwiOiJodHRwczpcL1wvc3RpbWNvbnRhaW5lcnMuY29tXC93cC1jb250ZW50XC91cGxvYWRzXC8yMDIzXC8wNFwvSVNPLTM4MzQtMi1zY2FsZWQtMS53ZWJwIn0%3D\">\n\t\t\t\t\t\t\t<img loading=\"lazy\" decoding=\"async\" width=\"212\" height=\"300\" src=\"https:\/\/stimcontainers.com\/wp-content\/uploads\/2023\/04\/ISO-3834-2-scaled-1-212x300.webp\" class=\"attachment-medium size-medium wp-image-384\" alt=\"\" srcset=\"https:\/\/stimcontainers.com\/wp-content\/uploads\/2023\/04\/ISO-3834-2-scaled-1-212x300.webp 212w, https:\/\/stimcontainers.com\/wp-content\/uploads\/2023\/04\/ISO-3834-2-scaled-1-724x1024.webp 724w, https:\/\/stimcontainers.com\/wp-content\/uploads\/2023\/04\/ISO-3834-2-scaled-1-768x1086.webp 768w, https:\/\/stimcontainers.com\/wp-content\/uploads\/2023\/04\/ISO-3834-2-scaled-1-1086x1536.webp 1086w, https:\/\/stimcontainers.com\/wp-content\/uploads\/2023\/04\/ISO-3834-2-scaled-1-1448x2048.webp 1448w, https:\/\/stimcontainers.com\/wp-content\/uploads\/2023\/04\/ISO-3834-2-scaled-1-8x12.webp 8w, https:\/\/stimcontainers.com\/wp-content\/uploads\/2023\/04\/ISO-3834-2-scaled-1.webp 1810w\" sizes=\"auto, (max-width: 212px) 100vw, 212px\" \/>\t\t\t\t\t\t\t\t<\/a>\n\t\t\t\t\t\t\t\t\t\t\t\t\t\t\t<\/div>\n\t\t\t\t<\/div>\n\t\t\t\t\t<\/div>\n\t\t<\/div>\n\t\t\t\t\t\t\t<\/div>\n\t\t<\/section>\n\t\t\t\t\t<\/div>\n\t\t<\/div>\n\t\t\t\t\t\t\t<\/div>\n\t\t<\/section>\n\t\t\t\t\t\t\t<\/div>","protected":false},"excerpt":{"rendered":"<p>Homepage &gt; 0 years Experience 0 + tonns per months 0 + models of containers Welcome to STIM Containers, a leading player in the steel container industry and a proud member of the esteemed STIM industry group. Though relatively young, our company boasts a core team with over 25 years of invaluable experience in steel &#8230; <a title=\"Om oss\" class=\"read-more\" href=\"http:\/\/stimcontainers.com\/sv\/om-oss\/\" aria-label=\"Mer p\u00e5 About us\">L\u00e4s mer<\/a><\/p>","protected":false},"author":1,"featured_media":0,"parent":0,"menu_order":0,"comment_status":"closed","ping_status":"closed","template":"","meta":{"footnotes":""},"class_list":["post-342","page","type-page","status-publish"],"acf":[],"_links":{"self":[{"href":"http:\/\/stimcontainers.com\/sv\/wp-json\/wp\/v2\/pages\/342","targetHints":{"allow":["GET"]}}],"collection":[{"href":"http:\/\/stimcontainers.com\/sv\/wp-json\/wp\/v2\/pages"}],"about":[{"href":"http:\/\/stimcontainers.com\/sv\/wp-json\/wp\/v2\/types\/page"}],"author":[{"embeddable":true,"href":"http:\/\/stimcontainers.com\/sv\/wp-json\/wp\/v2\/users\/1"}],"replies":[{"embeddable":true,"href":"http:\/\/stimcontainers.com\/sv\/wp-json\/wp\/v2\/comments?post=342"}],"version-history":[{"count":0,"href":"http:\/\/stimcontainers.com\/sv\/wp-json\/wp\/v2\/pages\/342\/revisions"}],"wp:attachment":[{"href":"http:\/\/stimcontainers.com\/sv\/wp-json\/wp\/v2\/media?parent=342"}],"curies":[{"name":"wp","href":"https:\/\/api.w.org\/{rel}","templated":true}]}}