{"id":342,"date":"2023-04-30T12:02:02","date_gmt":"2023-04-30T12:02:02","guid":{"rendered":"https:\/\/stimcontainers.com\/?page_id=342"},"modified":"2023-04-30T17:19:12","modified_gmt":"2023-04-30T17:19:12","slug":"about-us","status":"publish","type":"page","link":"http:\/\/stimcontainers.com\/lv\/par-mums\/","title":{"rendered":"Par mums"},"content":{"rendered":"<div data-elementor-type=\"wp-page\" data-elementor-id=\"342\" class=\"elementor elementor-342\">\n\t\t\t\t\t\t\t\t\t<section class=\"elementor-section elementor-top-section elementor-element elementor-element-11cd113 elementor-section-height-min-height elementor-section-items-stretch elementor-section-boxed elementor-section-height-default\" data-id=\"11cd113\" data-element_type=\"section\" data-settings=\"{&quot;background_background&quot;:&quot;video&quot;,&quot;background_video_link&quot;:&quot;https:\\\/\\\/stimcontainers.com\\\/wp-content\\\/uploads\\\/2023\\\/04\\\/STIM-background.mp4&quot;,&quot;background_play_on_mobile&quot;:&quot;yes&quot;}\">\n\t\t\t\t\t\t\t\t<div class=\"elementor-background-video-container\">\n\t\t\t\t\t\t\t\t\t\t\t\t\t<video class=\"elementor-background-video-hosted elementor-html5-video\" autoplay muted playsinline loop><\/video>\n\t\t\t\t\t\t\t\t\t\t\t<\/div>\n\t\t\t\t\t\t\t\t\t<div class=\"elementor-background-overlay\"><\/div>\n\t\t\t\t\t\t\t<div class=\"elementor-container elementor-column-gap-default\">\n\t\t\t\t\t<div class=\"elementor-column elementor-col-100 elementor-top-column elementor-element elementor-element-0bb6985\" data-id=\"0bb6985\" data-element_type=\"column\">\n\t\t\t<div class=\"elementor-widget-wrap elementor-element-populated\">\n\t\t\t\t\t\t\t\t<div class=\"elementor-element elementor-element-c31506c elementor-widget elementor-widget-dce-breadcrumbs\" data-id=\"c31506c\" data-element_type=\"widget\" data-widget_type=\"dce-breadcrumbs.default\">\n\t\t\t\t<div class=\"elementor-widget-container\">\n\t\t\t<ul><li class=\"item-home\"><a class=\"bread-link bread-home\" href=\"http:\/\/stimcontainers.com\/lv\" title=\"M\u0101jas lapa\">M\u0101jas lapa<\/a><\/li><li class=\"separator separator-home\"> <span class=\"dce-separator\"> &gt; <\/span> <\/li><\/ul>\t\t<\/div>\n\t\t\t\t<\/div>\n\t\t\t\t<div class=\"elementor-element elementor-element-e6c71fc elementor-widget elementor-widget-heading\" data-id=\"e6c71fc\" data-element_type=\"widget\" data-widget_type=\"heading.default\">\n\t\t\t\t<div class=\"elementor-widget-container\">\n\t\t\t<style>\/*! elementor - v3.11.5 - 14-03-2023 *\/\n.elementor-heading-title{padding:0;margin:0;line-height:1}.elementor-widget-heading .elementor-heading-title[class*=elementor-size-]>a{color:inherit;font-size:inherit;line-height:inherit}.elementor-widget-heading .elementor-heading-title.elementor-size-small{font-size:15px}.elementor-widget-heading .elementor-heading-title.elementor-size-medium{font-size:19px}.elementor-widget-heading .elementor-heading-title.elementor-size-large{font-size:29px}.elementor-widget-heading .elementor-heading-title.elementor-size-xl{font-size:39px}.elementor-widget-heading .elementor-heading-title.elementor-size-xxl{font-size:59px}<\/style><h1 class=\"elementor-heading-title elementor-size-default\">Par mums<\/h1>\t\t<\/div>\n\t\t\t\t<\/div>\n\t\t\t\t\t<\/div>\n\t\t<\/div>\n\t\t\t\t\t\t\t<\/div>\n\t\t<\/section>\n\t\t<div class=\"elementor-element elementor-element-ca7ef82 e-con-boxed e-con\" data-id=\"ca7ef82\" data-element_type=\"container\" data-settings=\"{&quot;background_background&quot;:&quot;gradient&quot;,&quot;content_width&quot;:&quot;boxed&quot;}\">\n\t\t\t\t\t<div class=\"e-con-inner\">\n\t\t<div class=\"elementor-element elementor-element-1402778 e-con-full e-con\" data-id=\"1402778\" data-element_type=\"container\" data-settings=\"{&quot;content_width&quot;:&quot;full&quot;}\">\n\t\t\t\t<div class=\"elementor-element elementor-element-ba43b8c elementor-widget elementor-widget-counter\" data-id=\"ba43b8c\" data-element_type=\"widget\" data-widget_type=\"counter.default\">\n\t\t\t\t<div class=\"elementor-widget-container\">\n\t\t\t<style>\/*! elementor - v3.11.5 - 14-03-2023 *\/\n.elementor-counter .elementor-counter-number-wrapper{display:flex;font-size:69px;font-weight:600;line-height:1}.elementor-counter .elementor-counter-number-prefix,.elementor-counter .elementor-counter-number-suffix{flex-grow:1;white-space:pre-wrap}.elementor-counter .elementor-counter-number-prefix{text-align:right}.elementor-counter .elementor-counter-number-suffix{text-align:left}.elementor-counter .elementor-counter-title{text-align:center;font-size:19px;font-weight:400;line-height:2.5}<\/style>\t\t<div class=\"elementor-counter\">\n\t\t\t<div class=\"elementor-counter-number-wrapper\">\n\t\t\t\t<span class=\"elementor-counter-number-prefix\"><\/span>\n\t\t\t\t<span class=\"elementor-counter-number\" data-duration=\"2000\" data-to-value=\"25\" data-from-value=\"0\" data-delimiter=\",\">0<\/span>\n\t\t\t\t<span class=\"elementor-counter-number-suffix\"> gadi<\/span>\n\t\t\t<\/div>\n\t\t\t\t\t\t\t<div class=\"elementor-counter-title\">Pieredze<\/div>\n\t\t\t\t\t<\/div>\n\t\t\t\t<\/div>\n\t\t\t\t<\/div>\n\t\t\t\t<\/div>\n\t\t<div class=\"elementor-element elementor-element-bd69c82 e-con-full e-con\" data-id=\"bd69c82\" data-element_type=\"container\" data-settings=\"{&quot;content_width&quot;:&quot;full&quot;}\">\n\t\t\t\t<div class=\"elementor-element elementor-element-b885177 elementor-widget elementor-widget-counter\" data-id=\"b885177\" data-element_type=\"widget\" data-widget_type=\"counter.default\">\n\t\t\t\t<div class=\"elementor-widget-container\">\n\t\t\t\t\t<div class=\"elementor-counter\">\n\t\t\t<div class=\"elementor-counter-number-wrapper\">\n\t\t\t\t<span class=\"elementor-counter-number-prefix\"><\/span>\n\t\t\t\t<span class=\"elementor-counter-number\" data-duration=\"2000\" data-to-value=\"400\" data-from-value=\"0\" data-delimiter=\",\">0<\/span>\n\t\t\t\t<span class=\"elementor-counter-number-suffix\">+ tonnas<\/span>\n\t\t\t<\/div>\n\t\t\t\t\t\t\t<div class=\"elementor-counter-title\">m\u0113nes\u012b<\/div>\n\t\t\t\t\t<\/div>\n\t\t\t\t<\/div>\n\t\t\t\t<\/div>\n\t\t\t\t<\/div>\n\t\t<div class=\"elementor-element elementor-element-bd94eb7 e-con-full e-con\" data-id=\"bd94eb7\" data-element_type=\"container\" data-settings=\"{&quot;content_width&quot;:&quot;full&quot;}\">\n\t\t\t\t<div class=\"elementor-element elementor-element-8dcc9b1 elementor-widget elementor-widget-counter\" data-id=\"8dcc9b1\" data-element_type=\"widget\" data-widget_type=\"counter.default\">\n\t\t\t\t<div class=\"elementor-widget-container\">\n\t\t\t\t\t<div class=\"elementor-counter\">\n\t\t\t<div class=\"elementor-counter-number-wrapper\">\n\t\t\t\t<span class=\"elementor-counter-number-prefix\"><\/span>\n\t\t\t\t<span class=\"elementor-counter-number\" data-duration=\"2000\" data-to-value=\"300\" data-from-value=\"0\" data-delimiter=\",\">0<\/span>\n\t\t\t\t<span class=\"elementor-counter-number-suffix\">+ mode\u013ci<\/span>\n\t\t\t<\/div>\n\t\t\t\t\t\t\t<div class=\"elementor-counter-title\">konteineru<\/div>\n\t\t\t\t\t<\/div>\n\t\t\t\t<\/div>\n\t\t\t\t<\/div>\n\t\t\t\t<\/div>\n\t\t\t\t\t<\/div>\n\t\t\t\t<\/div>\n\t\t\t\t<section class=\"elementor-section elementor-top-section elementor-element elementor-element-4fb66563 elementor-section-boxed elementor-section-height-default elementor-section-height-default\" data-id=\"4fb66563\" data-element_type=\"section\">\n\t\t\t\t\t\t<div class=\"elementor-container elementor-column-gap-default\">\n\t\t\t\t\t<div class=\"elementor-column elementor-col-66 elementor-top-column elementor-element elementor-element-151606b9\" data-id=\"151606b9\" data-element_type=\"column\">\n\t\t\t<div class=\"elementor-widget-wrap elementor-element-populated\">\n\t\t\t\t\t\t\t\t<div class=\"elementor-element elementor-element-7a93c497 elementor-widget elementor-widget-text-editor\" data-id=\"7a93c497\" data-element_type=\"widget\" data-widget_type=\"text-editor.default\">\n\t\t\t\t<div class=\"elementor-widget-container\">\n\t\t\t<style>\/*! elementor - v3.11.5 - 14-03-2023 *\/\n.elementor-widget-text-editor.elementor-drop-cap-view-stacked .elementor-drop-cap{background-color:#818a91;color:#fff}.elementor-widget-text-editor.elementor-drop-cap-view-framed .elementor-drop-cap{color:#818a91;border:3px solid;background-color:transparent}.elementor-widget-text-editor:not(.elementor-drop-cap-view-default) .elementor-drop-cap{margin-top:8px}.elementor-widget-text-editor:not(.elementor-drop-cap-view-default) .elementor-drop-cap-letter{width:1em;height:1em}.elementor-widget-text-editor .elementor-drop-cap{float:left;text-align:center;line-height:1;font-size:50px}.elementor-widget-text-editor .elementor-drop-cap-letter{display:inline-block}<\/style>\t\t\t\t<!-- wp:paragraph -->\n<p><strong>Laipni l\u016bdzam uz\u0146\u0113mum\u0101 STIM Containers, kas ir vado\u0161ais sp\u0113l\u0113t\u0101js t\u0113rauda konteineru nozar\u0113 un lepns cien\u012bjam\u0101s organiz\u0101cijas biedrs. <a href=\"http:\/\/stimindustry.com\" target=\"_blank\" rel=\"noopener\">STIM nozare<\/a> grupa. Lai gan m\u016bsu uz\u0146\u0113mums ir sal\u012bdzino\u0161i jauns, t\u0101 kodols ir komanda ar vair\u0101k nek\u0101 25 gadu nenov\u0113rt\u0113jamu pieredzi t\u0113rauda konstrukciju jom\u0101.<\/strong><\/p>\n<!-- \/wp:paragraph --><!-- wp:paragraph -->\n<p>M\u016bsu strat\u0113\u0123iski svar\u012bg\u0101 ra\u017eotne atrodas Ventspil\u012b, Latvij\u0101, un t\u0101 pied\u0101v\u0101 b\u016btiskas priek\u0161roc\u012bbas efekt\u012bvas lo\u0123istikas zi\u0146\u0101. Ventspils, kas atrodas Baltijas j\u016bras krast\u0101, nodro\u0161ina mums lielisku savienojumu ar pasaules tirgiem, jo \u012bpa\u0161i Eirop\u0101. \u0160\u012b strat\u0113\u0123isk\u0101 atra\u0161an\u0101s vieta \u013cauj mums \u0101tri un netrauc\u0113ti pieg\u0101d\u0101t m\u016bsu produktus klientiem vis\u0101 pasaul\u0113, nodro\u0161inot \u0101tru un uzticamu apkalpo\u0161anu.<\/p>\n<!-- \/wp:paragraph --><!-- wp:paragraph -->\n<p>Uz\u0146\u0113mum\u0101 STIM Containers m\u0113s pie\u0161\u0137iram priorit\u0101ti izcilai kvalit\u0101tei visos m\u016bsu darb\u012bbas aspektos. M\u016bsu ra\u017eo\u0161anas proces\u0101 tiek iev\u0113roti visaugst\u0101kie nozares standarti, kas garant\u0113 nevainojamu m\u016bsu t\u0113rauda konteineru kvalit\u0101ti un iztur\u012bbu. Lai v\u0113l vair\u0101k apliecin\u0101tu m\u016bsu ap\u0146em\u0161anos iev\u0113rot kvalit\u0101ti, mums ir visi nepiecie\u0161amie sertifik\u0101ti, kas apliecina atbilst\u012bbu starptautiskajiem kvalit\u0101tes un dro\u0161\u012bbas noteikumiem.<\/p>\n<!-- \/wp:paragraph --><!-- wp:paragraph -->\n<p>Ta\u010du ar to m\u016bsu uztic\u012bba kvalit\u0101tei nebeidzas. M\u0113s nopietni piev\u0113r\u0161amies kvalit\u0101tes kontrolei, veicot stingras iek\u0161\u0113j\u0101s p\u0101rbaudes, lai nodro\u0161in\u0101tu, ka katrs konteiners, kas atst\u0101j m\u016bsu r\u016bpn\u012bcu, atbilst m\u016bsu stingrajiem kvalit\u0101tes standartiem. \u0160\u012b r\u016bp\u012bg\u0101 pieeja garant\u0113, ka m\u016bsu klienti sa\u0146em visaugst\u0101k\u0101 kalibra produktus, kas izgatavoti t\u0101, lai iztur\u0113tu vissmag\u0101kos apst\u0101k\u013cus un nodro\u0161in\u0101tu ilgsto\u0161u darb\u012bbu.<\/p>\n<!-- \/wp:paragraph --><!-- wp:paragraph -->\n<p>M\u0113s saprotam, ka katram klientam ir unik\u0101las vajadz\u012bbas un pras\u012bbas. T\u0101p\u0113c m\u016bsu ekspertu komanda cie\u0161i sadarbojas ar klientiem, lai izstr\u0101d\u0101tu risin\u0101jumus, kas atbilst vi\u0146u specifiskaj\u0101m pras\u012bb\u0101m. Neatkar\u012bgi no t\u0101, vai jums ir nepiecie\u0161ami standarta konteineri vai p\u0113c pas\u016bt\u012bjuma veidoti risin\u0101jumi, m\u016bsu pieredz\u0113ju\u0161ie profesion\u0101\u013ci ir gatavi jums pal\u012bdz\u0113t katr\u0101 sol\u012b. M\u0113s lepojamies ar savu sp\u0113ju pieg\u0101d\u0101t piel\u0101gotus konteinerus, kas piln\u012bb\u0101 atbilst j\u016bsu m\u0113r\u0137iem, pal\u012bdzot jums efekt\u012bvi un lietder\u012bgi sasniegt j\u016bsu m\u0113r\u0137us.<\/p>\n<!-- \/wp:paragraph --><!-- wp:paragraph -->\n<p>M\u016bsu darb\u012bbas pamat\u0101 ir klientu apmierin\u0101t\u012bba. M\u016bsu priorit\u0101te ir atkl\u0101ta sazi\u0146a, savlaic\u012bga pieg\u0101de un nep\u0101rsp\u0113jama klientu apkalpo\u0161ana, lai nodro\u0161in\u0101tu, ka m\u016bsu klienti sa\u0146em vislab\u0101ko iesp\u0113jamo pieredzi. M\u016bsu uzticam\u0101 komanda vienm\u0113r ir gatava atbild\u0113t uz j\u016bsu jaut\u0101jumiem, sniegt ekspertu konsult\u0101cijas un sniegt vispus\u012bgu atbalstu visa procesa laik\u0101.<\/p>\n<!-- \/wp:paragraph --><!-- wp:paragraph -->\n<p>Ja runa ir par t\u0113rauda konteineriem, STIM Containers ir j\u016bsu uzticams partneris. Pateicoties m\u016bsu izcilaj\u0101m zin\u0101\u0161an\u0101m, m\u016bsdien\u012bg\u0101m ra\u017eo\u0161anas iek\u0101rt\u0101m, stingrai kvalit\u0101tes kontrolei un uz klientu orient\u0113tai pieejai, m\u0113s esam labi sagatavoti, lai apmierin\u0101tu j\u016bsu vajadz\u012bbas un p\u0101rsniegtu j\u016bsu cer\u012bbas.<\/p>\n<!-- \/wp:paragraph --><!-- wp:paragraph -->\n<p>Sazinieties ar mums jau \u0161odien, lai uzzin\u0101tu vair\u0101k par m\u016bsu augst\u0101k\u0101s kvalit\u0101tes t\u0113rauda konteineriem un uzzin\u0101tu, k\u0101 m\u0113s varam pal\u012bdz\u0113t jums atrast ide\u0101lu risin\u0101jumu j\u016bsu uzglab\u0101\u0161anas, transport\u0113\u0161anas vai specializ\u0113t\u0101m vajadz\u012bb\u0101m. Izbaudiet STIM Containers at\u0161\u0137ir\u012bbu un atkl\u0101jiet pasaule iesp\u0113jas j\u016bsu biznesam.<\/p>\n<!-- \/wp:paragraph -->\t\t\t\t\t\t<\/div>\n\t\t\t\t<\/div>\n\t\t\t\t\t<\/div>\n\t\t<\/div>\n\t\t\t\t<div class=\"elementor-column elementor-col-33 elementor-top-column elementor-element elementor-element-3e0e267\" data-id=\"3e0e267\" data-element_type=\"column\">\n\t\t\t<div class=\"elementor-widget-wrap elementor-element-populated\">\n\t\t\t\t\t\t\t\t<section class=\"elementor-section elementor-inner-section elementor-element elementor-element-0411207 elementor-section-boxed elementor-section-height-default elementor-section-height-default\" data-id=\"0411207\" data-element_type=\"section\" data-settings=\"{&quot;background_background&quot;:&quot;classic&quot;}\">\n\t\t\t\t\t\t<div class=\"elementor-container elementor-column-gap-default\">\n\t\t\t\t\t<div class=\"elementor-column elementor-col-100 elementor-inner-column elementor-element elementor-element-3f74b40\" data-id=\"3f74b40\" data-element_type=\"column\" data-settings=\"{&quot;background_background&quot;:&quot;classic&quot;}\">\n\t\t\t<div class=\"elementor-widget-wrap elementor-element-populated\">\n\t\t\t\t\t\t\t\t<div class=\"elementor-element elementor-element-0b63650 elementor-widget elementor-widget-heading\" data-id=\"0b63650\" data-element_type=\"widget\" data-widget_type=\"heading.default\">\n\t\t\t\t<div class=\"elementor-widget-container\">\n\t\t\t<h2 class=\"elementor-heading-title elementor-size-default\">ISO 1409<\/h2>\t\t<\/div>\n\t\t\t\t<\/div>\n\t\t\t\t<div class=\"elementor-element elementor-element-5329fb6 dce_masking-none elementor-widget elementor-widget-image\" data-id=\"5329fb6\" data-element_type=\"widget\" data-widget_type=\"image.default\">\n\t\t\t\t<div class=\"elementor-widget-container\">\n\t\t\t<style>\/*! elementor - v3.11.5 - 14-03-2023 *\/\n.elementor-widget-image{text-align:center}.elementor-widget-image a{display:inline-block}.elementor-widget-image a img[src$=\".svg\"]{width:48px}.elementor-widget-image img{vertical-align:middle;display:inline-block}<\/style>\t\t\t\t\t\t\t\t\t\t\t\t\t<a href=\"https:\/\/stimcontainers.com\/wp-content\/uploads\/2023\/04\/EN-1090-1-scaled-1.webp\" data-elementor-open-lightbox=\"yes\" data-elementor-lightbox-title=\"EN-1090-1-scaled.webp\" data-e-action-hash=\"#elementor-action%3Aaction%3Dlightbox%26settings%3DeyJpZCI6MzgyLCJ1cmwiOiJodHRwczpcL1wvc3RpbWNvbnRhaW5lcnMuY29tXC93cC1jb250ZW50XC91cGxvYWRzXC8yMDIzXC8wNFwvRU4tMTA5MC0xLXNjYWxlZC0xLndlYnAifQ%3D%3D\">\n\t\t\t\t\t\t\t<img loading=\"lazy\" decoding=\"async\" width=\"212\" height=\"300\" src=\"https:\/\/stimcontainers.com\/wp-content\/uploads\/2023\/04\/EN-1090-1-scaled-1-212x300.webp\" class=\"attachment-medium size-medium wp-image-382\" alt=\"\" srcset=\"https:\/\/stimcontainers.com\/wp-content\/uploads\/2023\/04\/EN-1090-1-scaled-1-212x300.webp 212w, https:\/\/stimcontainers.com\/wp-content\/uploads\/2023\/04\/EN-1090-1-scaled-1-724x1024.webp 724w, https:\/\/stimcontainers.com\/wp-content\/uploads\/2023\/04\/EN-1090-1-scaled-1-768x1086.webp 768w, https:\/\/stimcontainers.com\/wp-content\/uploads\/2023\/04\/EN-1090-1-scaled-1-1086x1536.webp 1086w, https:\/\/stimcontainers.com\/wp-content\/uploads\/2023\/04\/EN-1090-1-scaled-1-1448x2048.webp 1448w, https:\/\/stimcontainers.com\/wp-content\/uploads\/2023\/04\/EN-1090-1-scaled-1-8x12.webp 8w, https:\/\/stimcontainers.com\/wp-content\/uploads\/2023\/04\/EN-1090-1-scaled-1.webp 1810w\" sizes=\"auto, (max-width: 212px) 100vw, 212px\" \/>\t\t\t\t\t\t\t\t<\/a>\n\t\t\t\t\t\t\t\t\t\t\t\t\t\t\t<\/div>\n\t\t\t\t<\/div>\n\t\t\t\t\t<\/div>\n\t\t<\/div>\n\t\t\t\t\t\t\t<\/div>\n\t\t<\/section>\n\t\t\t\t<section class=\"elementor-section elementor-inner-section elementor-element elementor-element-ced2f40 elementor-section-boxed elementor-section-height-default elementor-section-height-default\" data-id=\"ced2f40\" data-element_type=\"section\" data-settings=\"{&quot;background_background&quot;:&quot;classic&quot;}\">\n\t\t\t\t\t\t<div class=\"elementor-container elementor-column-gap-default\">\n\t\t\t\t\t<div class=\"elementor-column elementor-col-100 elementor-inner-column elementor-element elementor-element-4091f32\" data-id=\"4091f32\" data-element_type=\"column\" data-settings=\"{&quot;background_background&quot;:&quot;classic&quot;}\">\n\t\t\t<div class=\"elementor-widget-wrap elementor-element-populated\">\n\t\t\t\t\t\t\t\t<div class=\"elementor-element elementor-element-05540d5 elementor-widget elementor-widget-heading\" data-id=\"05540d5\" data-element_type=\"widget\" data-widget_type=\"heading.default\">\n\t\t\t\t<div class=\"elementor-widget-container\">\n\t\t\t<h2 class=\"elementor-heading-title elementor-size-default\">ISO 3834<\/h2>\t\t<\/div>\n\t\t\t\t<\/div>\n\t\t\t\t<div class=\"elementor-element elementor-element-1e8b500 dce_masking-none elementor-widget elementor-widget-image\" data-id=\"1e8b500\" data-element_type=\"widget\" data-widget_type=\"image.default\">\n\t\t\t\t<div class=\"elementor-widget-container\">\n\t\t\t\t\t\t\t\t\t\t\t\t\t\t\t\t<a href=\"https:\/\/stimcontainers.com\/wp-content\/uploads\/2023\/04\/ISO-3834-2-scaled-1.webp\" data-elementor-open-lightbox=\"yes\" data-elementor-lightbox-title=\"ISO-3834-2-scaled.webp\" data-e-action-hash=\"#elementor-action%3Aaction%3Dlightbox%26settings%3DeyJpZCI6Mzg0LCJ1cmwiOiJodHRwczpcL1wvc3RpbWNvbnRhaW5lcnMuY29tXC93cC1jb250ZW50XC91cGxvYWRzXC8yMDIzXC8wNFwvSVNPLTM4MzQtMi1zY2FsZWQtMS53ZWJwIn0%3D\">\n\t\t\t\t\t\t\t<img loading=\"lazy\" decoding=\"async\" width=\"212\" height=\"300\" src=\"https:\/\/stimcontainers.com\/wp-content\/uploads\/2023\/04\/ISO-3834-2-scaled-1-212x300.webp\" class=\"attachment-medium size-medium wp-image-384\" alt=\"\" srcset=\"https:\/\/stimcontainers.com\/wp-content\/uploads\/2023\/04\/ISO-3834-2-scaled-1-212x300.webp 212w, https:\/\/stimcontainers.com\/wp-content\/uploads\/2023\/04\/ISO-3834-2-scaled-1-724x1024.webp 724w, https:\/\/stimcontainers.com\/wp-content\/uploads\/2023\/04\/ISO-3834-2-scaled-1-768x1086.webp 768w, https:\/\/stimcontainers.com\/wp-content\/uploads\/2023\/04\/ISO-3834-2-scaled-1-1086x1536.webp 1086w, https:\/\/stimcontainers.com\/wp-content\/uploads\/2023\/04\/ISO-3834-2-scaled-1-1448x2048.webp 1448w, https:\/\/stimcontainers.com\/wp-content\/uploads\/2023\/04\/ISO-3834-2-scaled-1-8x12.webp 8w, https:\/\/stimcontainers.com\/wp-content\/uploads\/2023\/04\/ISO-3834-2-scaled-1.webp 1810w\" sizes=\"auto, (max-width: 212px) 100vw, 212px\" \/>\t\t\t\t\t\t\t\t<\/a>\n\t\t\t\t\t\t\t\t\t\t\t\t\t\t\t<\/div>\n\t\t\t\t<\/div>\n\t\t\t\t\t<\/div>\n\t\t<\/div>\n\t\t\t\t\t\t\t<\/div>\n\t\t<\/section>\n\t\t\t\t\t<\/div>\n\t\t<\/div>\n\t\t\t\t\t\t\t<\/div>\n\t\t<\/section>\n\t\t\t\t\t\t\t<\/div>","protected":false},"excerpt":{"rendered":"<p>Homepage &gt; 0 years Experience 0 + tonns per months 0 + models of containers Welcome to STIM Containers, a leading player in the steel container industry and a proud member of the esteemed STIM industry group. Though relatively young, our company boasts a core team with over 25 years of invaluable experience in steel &#8230; <a title=\"Par mums\" class=\"read-more\" href=\"http:\/\/stimcontainers.com\/lv\/par-mums\/\" aria-label=\"Vair\u0101k par About us\">Las\u012bt t\u0101l\u0101k<\/a><\/p>","protected":false},"author":1,"featured_media":0,"parent":0,"menu_order":0,"comment_status":"closed","ping_status":"closed","template":"","meta":{"footnotes":""},"class_list":["post-342","page","type-page","status-publish"],"acf":[],"_links":{"self":[{"href":"http:\/\/stimcontainers.com\/lv\/wp-json\/wp\/v2\/pages\/342","targetHints":{"allow":["GET"]}}],"collection":[{"href":"http:\/\/stimcontainers.com\/lv\/wp-json\/wp\/v2\/pages"}],"about":[{"href":"http:\/\/stimcontainers.com\/lv\/wp-json\/wp\/v2\/types\/page"}],"author":[{"embeddable":true,"href":"http:\/\/stimcontainers.com\/lv\/wp-json\/wp\/v2\/users\/1"}],"replies":[{"embeddable":true,"href":"http:\/\/stimcontainers.com\/lv\/wp-json\/wp\/v2\/comments?post=342"}],"version-history":[{"count":0,"href":"http:\/\/stimcontainers.com\/lv\/wp-json\/wp\/v2\/pages\/342\/revisions"}],"wp:attachment":[{"href":"http:\/\/stimcontainers.com\/lv\/wp-json\/wp\/v2\/media?parent=342"}],"curies":[{"name":"wp","href":"https:\/\/api.w.org\/{rel}","templated":true}]}}