{"id":342,"date":"2023-04-30T12:02:02","date_gmt":"2023-04-30T12:02:02","guid":{"rendered":"https:\/\/stimcontainers.com\/?page_id=342"},"modified":"2023-04-30T17:19:12","modified_gmt":"2023-04-30T17:19:12","slug":"about-us","status":"publish","type":"page","link":"http:\/\/stimcontainers.com\/de\/uber-uns\/","title":{"rendered":"\u00dcber uns"},"content":{"rendered":"<div data-elementor-type=\"wp-page\" data-elementor-id=\"342\" class=\"elementor elementor-342\">\n\t\t\t\t\t\t\t\t\t<section class=\"elementor-section elementor-top-section elementor-element elementor-element-11cd113 elementor-section-height-min-height elementor-section-items-stretch elementor-section-boxed elementor-section-height-default\" data-id=\"11cd113\" data-element_type=\"section\" data-settings=\"{&quot;background_background&quot;:&quot;video&quot;,&quot;background_video_link&quot;:&quot;https:\\\/\\\/stimcontainers.com\\\/wp-content\\\/uploads\\\/2023\\\/04\\\/STIM-background.mp4&quot;,&quot;background_play_on_mobile&quot;:&quot;yes&quot;}\">\n\t\t\t\t\t\t\t\t<div class=\"elementor-background-video-container\">\n\t\t\t\t\t\t\t\t\t\t\t\t\t<video class=\"elementor-background-video-hosted elementor-html5-video\" autoplay muted playsinline loop><\/video>\n\t\t\t\t\t\t\t\t\t\t\t<\/div>\n\t\t\t\t\t\t\t\t\t<div class=\"elementor-background-overlay\"><\/div>\n\t\t\t\t\t\t\t<div class=\"elementor-container elementor-column-gap-default\">\n\t\t\t\t\t<div class=\"elementor-column elementor-col-100 elementor-top-column elementor-element elementor-element-0bb6985\" data-id=\"0bb6985\" data-element_type=\"column\">\n\t\t\t<div class=\"elementor-widget-wrap elementor-element-populated\">\n\t\t\t\t\t\t\t\t<div class=\"elementor-element elementor-element-c31506c elementor-widget elementor-widget-dce-breadcrumbs\" data-id=\"c31506c\" data-element_type=\"widget\" data-widget_type=\"dce-breadcrumbs.default\">\n\t\t\t\t<div class=\"elementor-widget-container\">\n\t\t\t<ul><li class=\"item-home\"><a class=\"bread-link bread-home\" href=\"http:\/\/stimcontainers.com\/de\" title=\"Homepage\">Homepage<\/a><\/li><li class=\"separator separator-home\"> <span class=\"dce-separator\"> &gt; <\/span> <\/li><\/ul>\t\t<\/div>\n\t\t\t\t<\/div>\n\t\t\t\t<div class=\"elementor-element elementor-element-e6c71fc elementor-widget elementor-widget-heading\" data-id=\"e6c71fc\" data-element_type=\"widget\" data-widget_type=\"heading.default\">\n\t\t\t\t<div class=\"elementor-widget-container\">\n\t\t\t<style>\/*! elementor - v3.11.5 - 14-03-2023 *\/\n.elementor-heading-title{padding:0;margin:0;line-height:1}.elementor-widget-heading .elementor-heading-title[class*=elementor-size-]>a{color:inherit;font-size:inherit;line-height:inherit}.elementor-widget-heading .elementor-heading-title.elementor-size-small{font-size:15px}.elementor-widget-heading .elementor-heading-title.elementor-size-medium{font-size:19px}.elementor-widget-heading .elementor-heading-title.elementor-size-large{font-size:29px}.elementor-widget-heading .elementor-heading-title.elementor-size-xl{font-size:39px}.elementor-widget-heading .elementor-heading-title.elementor-size-xxl{font-size:59px}<\/style><h1 class=\"elementor-heading-title elementor-size-default\">\u00dcber uns<\/h1>\t\t<\/div>\n\t\t\t\t<\/div>\n\t\t\t\t\t<\/div>\n\t\t<\/div>\n\t\t\t\t\t\t\t<\/div>\n\t\t<\/section>\n\t\t<div class=\"elementor-element elementor-element-ca7ef82 e-con-boxed e-con\" data-id=\"ca7ef82\" data-element_type=\"container\" data-settings=\"{&quot;background_background&quot;:&quot;gradient&quot;,&quot;content_width&quot;:&quot;boxed&quot;}\">\n\t\t\t\t\t<div class=\"e-con-inner\">\n\t\t<div class=\"elementor-element elementor-element-1402778 e-con-full e-con\" data-id=\"1402778\" data-element_type=\"container\" data-settings=\"{&quot;content_width&quot;:&quot;full&quot;}\">\n\t\t\t\t<div class=\"elementor-element elementor-element-ba43b8c elementor-widget elementor-widget-counter\" data-id=\"ba43b8c\" data-element_type=\"widget\" data-widget_type=\"counter.default\">\n\t\t\t\t<div class=\"elementor-widget-container\">\n\t\t\t<style>\/*! elementor - v3.11.5 - 14-03-2023 *\/\n.elementor-counter .elementor-counter-number-wrapper{display:flex;font-size:69px;font-weight:600;line-height:1}.elementor-counter .elementor-counter-number-prefix,.elementor-counter .elementor-counter-number-suffix{flex-grow:1;white-space:pre-wrap}.elementor-counter .elementor-counter-number-prefix{text-align:right}.elementor-counter .elementor-counter-number-suffix{text-align:left}.elementor-counter .elementor-counter-title{text-align:center;font-size:19px;font-weight:400;line-height:2.5}<\/style>\t\t<div class=\"elementor-counter\">\n\t\t\t<div class=\"elementor-counter-number-wrapper\">\n\t\t\t\t<span class=\"elementor-counter-number-prefix\"><\/span>\n\t\t\t\t<span class=\"elementor-counter-number\" data-duration=\"2000\" data-to-value=\"25\" data-from-value=\"0\" data-delimiter=\",\">0<\/span>\n\t\t\t\t<span class=\"elementor-counter-number-suffix\"> Jahre<\/span>\n\t\t\t<\/div>\n\t\t\t\t\t\t\t<div class=\"elementor-counter-title\">Erleben Sie<\/div>\n\t\t\t\t\t<\/div>\n\t\t\t\t<\/div>\n\t\t\t\t<\/div>\n\t\t\t\t<\/div>\n\t\t<div class=\"elementor-element elementor-element-bd69c82 e-con-full e-con\" data-id=\"bd69c82\" data-element_type=\"container\" data-settings=\"{&quot;content_width&quot;:&quot;full&quot;}\">\n\t\t\t\t<div class=\"elementor-element elementor-element-b885177 elementor-widget elementor-widget-counter\" data-id=\"b885177\" data-element_type=\"widget\" data-widget_type=\"counter.default\">\n\t\t\t\t<div class=\"elementor-widget-container\">\n\t\t\t\t\t<div class=\"elementor-counter\">\n\t\t\t<div class=\"elementor-counter-number-wrapper\">\n\t\t\t\t<span class=\"elementor-counter-number-prefix\"><\/span>\n\t\t\t\t<span class=\"elementor-counter-number\" data-duration=\"2000\" data-to-value=\"400\" data-from-value=\"0\" data-delimiter=\",\">0<\/span>\n\t\t\t\t<span class=\"elementor-counter-number-suffix\">+ Tonnen<\/span>\n\t\t\t<\/div>\n\t\t\t\t\t\t\t<div class=\"elementor-counter-title\">pro Monat<\/div>\n\t\t\t\t\t<\/div>\n\t\t\t\t<\/div>\n\t\t\t\t<\/div>\n\t\t\t\t<\/div>\n\t\t<div class=\"elementor-element elementor-element-bd94eb7 e-con-full e-con\" data-id=\"bd94eb7\" data-element_type=\"container\" data-settings=\"{&quot;content_width&quot;:&quot;full&quot;}\">\n\t\t\t\t<div class=\"elementor-element elementor-element-8dcc9b1 elementor-widget elementor-widget-counter\" data-id=\"8dcc9b1\" data-element_type=\"widget\" data-widget_type=\"counter.default\">\n\t\t\t\t<div class=\"elementor-widget-container\">\n\t\t\t\t\t<div class=\"elementor-counter\">\n\t\t\t<div class=\"elementor-counter-number-wrapper\">\n\t\t\t\t<span class=\"elementor-counter-number-prefix\"><\/span>\n\t\t\t\t<span class=\"elementor-counter-number\" data-duration=\"2000\" data-to-value=\"300\" data-from-value=\"0\" data-delimiter=\",\">0<\/span>\n\t\t\t\t<span class=\"elementor-counter-number-suffix\">+ Modelle<\/span>\n\t\t\t<\/div>\n\t\t\t\t\t\t\t<div class=\"elementor-counter-title\">der Beh\u00e4lter<\/div>\n\t\t\t\t\t<\/div>\n\t\t\t\t<\/div>\n\t\t\t\t<\/div>\n\t\t\t\t<\/div>\n\t\t\t\t\t<\/div>\n\t\t\t\t<\/div>\n\t\t\t\t<section class=\"elementor-section elementor-top-section elementor-element elementor-element-4fb66563 elementor-section-boxed elementor-section-height-default elementor-section-height-default\" data-id=\"4fb66563\" data-element_type=\"section\">\n\t\t\t\t\t\t<div class=\"elementor-container elementor-column-gap-default\">\n\t\t\t\t\t<div class=\"elementor-column elementor-col-66 elementor-top-column elementor-element elementor-element-151606b9\" data-id=\"151606b9\" data-element_type=\"column\">\n\t\t\t<div class=\"elementor-widget-wrap elementor-element-populated\">\n\t\t\t\t\t\t\t\t<div class=\"elementor-element elementor-element-7a93c497 elementor-widget elementor-widget-text-editor\" data-id=\"7a93c497\" data-element_type=\"widget\" data-widget_type=\"text-editor.default\">\n\t\t\t\t<div class=\"elementor-widget-container\">\n\t\t\t<style>\/*! elementor - v3.11.5 - 14-03-2023 *\/\n.elementor-widget-text-editor.elementor-drop-cap-view-stacked .elementor-drop-cap{background-color:#818a91;color:#fff}.elementor-widget-text-editor.elementor-drop-cap-view-framed .elementor-drop-cap{color:#818a91;border:3px solid;background-color:transparent}.elementor-widget-text-editor:not(.elementor-drop-cap-view-default) .elementor-drop-cap{margin-top:8px}.elementor-widget-text-editor:not(.elementor-drop-cap-view-default) .elementor-drop-cap-letter{width:1em;height:1em}.elementor-widget-text-editor .elementor-drop-cap{float:left;text-align:center;line-height:1;font-size:50px}.elementor-widget-text-editor .elementor-drop-cap-letter{display:inline-block}<\/style>\t\t\t\t<!-- wp:paragraph -->\n<p><strong>Willkommen bei STIM Containers, einem f\u00fchrenden Unternehmen in der Stahlcontainerindustrie und stolzes Mitglied der angesehenen <a href=\"http:\/\/stimindustry.com\" target=\"_blank\" rel=\"noopener\">STIM-Industrie<\/a> Gruppe. Obwohl unser Unternehmen relativ jung ist, verf\u00fcgt es \u00fcber ein Kernteam mit mehr als 25 Jahren unsch\u00e4tzbarer Erfahrung im Stahlbau.<\/strong><\/p>\n<!-- \/wp:paragraph --><!-- wp:paragraph -->\n<p>Unsere strategisch g\u00fcnstig gelegene Produktionsst\u00e4tte in Ventspils, Lettland, bietet einen entscheidenden Vorteil im Hinblick auf eine effiziente Logistik. Ventspils liegt an der Ostseek\u00fcste und bietet uns eine hervorragende Anbindung an die globalen M\u00e4rkte, insbesondere in Europa. Diese strategische Positionierung erm\u00f6glicht es uns, unsere Produkte schnell und nahtlos an Kunden in aller Welt zu liefern und einen schnellen und zuverl\u00e4ssigen Service zu gew\u00e4hrleisten.<\/p>\n<!-- \/wp:paragraph --><!-- wp:paragraph -->\n<p>Bei STIM Containers legen wir in jedem Aspekt unserer T\u00e4tigkeit gr\u00f6\u00dften Wert auf au\u00dfergew\u00f6hnliche Qualit\u00e4t. Unser Produktionsprozess entspricht den h\u00f6chsten Industriestandards und garantiert eine tadellose handwerkliche Qualit\u00e4t und Langlebigkeit unserer Stahlcontainer. Zur weiteren Best\u00e4tigung unseres Engagements f\u00fcr Qualit\u00e4t verf\u00fcgen wir \u00fcber alle erforderlichen Zertifizierungen, die unsere \u00dcbereinstimmung mit internationalen Qualit\u00e4ts- und Sicherheitsvorschriften belegen.<\/p>\n<!-- \/wp:paragraph --><!-- wp:paragraph -->\n<p>Aber unser Engagement f\u00fcr Qualit\u00e4t h\u00f6rt hier nicht auf. Wir nehmen die Qualit\u00e4tskontrolle ernst und f\u00fchren strenge interne Tests durch, um sicherzustellen, dass jeder Beh\u00e4lter, der unser Werk verl\u00e4sst, unseren strengen Qualit\u00e4tsma\u00dfst\u00e4ben entspricht. Dieser akribische Ansatz garantiert, dass unsere Kunden Produkte von h\u00f6chstem Niveau erhalten, die den h\u00e4rtesten Bedingungen standhalten und eine lange Lebensdauer haben.<\/p>\n<!-- \/wp:paragraph --><!-- wp:paragraph -->\n<p>Wir wissen, dass jeder Kunde individuelle Bed\u00fcrfnisse und Anforderungen hat. Deshalb arbeitet unser Expertenteam eng mit den Kunden zusammen, um ma\u00dfgeschneiderte L\u00f6sungen zu entwickeln, die ihren spezifischen Anforderungen entsprechen. Ganz gleich, ob Sie Standardcontainer oder ma\u00dfgeschneiderte L\u00f6sungen ben\u00f6tigen, unsere erfahrenen Fachleute stehen Ihnen in jeder Phase des Prozesses zur Seite. Wir sind stolz auf unsere F\u00e4higkeit, ma\u00dfgeschneiderte Container zu liefern, die perfekt auf Ihre Ziele abgestimmt sind und Ihnen helfen, Ihre Ziele effizient und effektiv zu erreichen.<\/p>\n<!-- \/wp:paragraph --><!-- wp:paragraph -->\n<p>Die Zufriedenheit unserer Kunden steht im Mittelpunkt unseres Handelns. Wir legen Wert auf offene Kommunikation, p\u00fcnktliche Lieferung und einen unvergleichlichen Kundenservice, um sicherzustellen, dass unsere Kunden die bestm\u00f6gliche Erfahrung machen. Unser engagiertes Team ist immer bereit, Ihre Fragen zu beantworten, Sie fachkundig zu beraten und Sie w\u00e4hrend des gesamten Prozesses umfassend zu unterst\u00fctzen.<\/p>\n<!-- \/wp:paragraph --><!-- wp:paragraph -->\n<p>Wenn es um Stahlbeh\u00e4lter geht, ist STIM Containers Ihr zuverl\u00e4ssiger Partner. Mit unserem au\u00dfergew\u00f6hnlichen Fachwissen, unseren hochmodernen Produktionsanlagen, unserer strengen Qualit\u00e4tskontrolle und unserem kundenorientierten Ansatz sind wir bestens ger\u00fcstet, um Ihre Bed\u00fcrfnisse zu erf\u00fcllen und Ihre Erwartungen zu \u00fcbertreffen.<\/p>\n<!-- \/wp:paragraph --><!-- wp:paragraph -->\n<p>Kontaktieren Sie uns noch heute, um mehr \u00fcber unsere hochwertigen Stahlcontainer zu erfahren und zu entdecken, wie wir Ihnen helfen k\u00f6nnen, die perfekte L\u00f6sung f\u00fcr Ihre Lager-, Transport- oder Spezialanforderungen zu finden. Erleben Sie den Unterschied von STIM Containers und er\u00f6ffnen Sie Ihrem Unternehmen eine Welt voller M\u00f6glichkeiten.<\/p>\n<!-- \/wp:paragraph -->\t\t\t\t\t\t<\/div>\n\t\t\t\t<\/div>\n\t\t\t\t\t<\/div>\n\t\t<\/div>\n\t\t\t\t<div class=\"elementor-column elementor-col-33 elementor-top-column elementor-element elementor-element-3e0e267\" data-id=\"3e0e267\" data-element_type=\"column\">\n\t\t\t<div class=\"elementor-widget-wrap elementor-element-populated\">\n\t\t\t\t\t\t\t\t<section class=\"elementor-section elementor-inner-section elementor-element elementor-element-0411207 elementor-section-boxed elementor-section-height-default elementor-section-height-default\" data-id=\"0411207\" data-element_type=\"section\" data-settings=\"{&quot;background_background&quot;:&quot;classic&quot;}\">\n\t\t\t\t\t\t<div class=\"elementor-container elementor-column-gap-default\">\n\t\t\t\t\t<div class=\"elementor-column elementor-col-100 elementor-inner-column elementor-element elementor-element-3f74b40\" data-id=\"3f74b40\" data-element_type=\"column\" data-settings=\"{&quot;background_background&quot;:&quot;classic&quot;}\">\n\t\t\t<div class=\"elementor-widget-wrap elementor-element-populated\">\n\t\t\t\t\t\t\t\t<div class=\"elementor-element elementor-element-0b63650 elementor-widget elementor-widget-heading\" data-id=\"0b63650\" data-element_type=\"widget\" data-widget_type=\"heading.default\">\n\t\t\t\t<div class=\"elementor-widget-container\">\n\t\t\t<h2 class=\"elementor-heading-title elementor-size-default\">ISO 1409<\/h2>\t\t<\/div>\n\t\t\t\t<\/div>\n\t\t\t\t<div class=\"elementor-element elementor-element-5329fb6 dce_masking-none elementor-widget elementor-widget-image\" data-id=\"5329fb6\" data-element_type=\"widget\" data-widget_type=\"image.default\">\n\t\t\t\t<div class=\"elementor-widget-container\">\n\t\t\t<style>\/*! elementor - v3.11.5 - 14-03-2023 *\/\n.elementor-widget-image{text-align:center}.elementor-widget-image a{display:inline-block}.elementor-widget-image a img[src$=\".svg\"]{width:48px}.elementor-widget-image img{vertical-align:middle;display:inline-block}<\/style>\t\t\t\t\t\t\t\t\t\t\t\t\t<a href=\"https:\/\/stimcontainers.com\/wp-content\/uploads\/2023\/04\/EN-1090-1-scaled-1.webp\" data-elementor-open-lightbox=\"yes\" data-elementor-lightbox-title=\"EN-1090-1-scaled.webp\" data-e-action-hash=\"#elementor-action%3Aaction%3Dlightbox%26settings%3DeyJpZCI6MzgyLCJ1cmwiOiJodHRwczpcL1wvc3RpbWNvbnRhaW5lcnMuY29tXC93cC1jb250ZW50XC91cGxvYWRzXC8yMDIzXC8wNFwvRU4tMTA5MC0xLXNjYWxlZC0xLndlYnAifQ%3D%3D\">\n\t\t\t\t\t\t\t<img loading=\"lazy\" decoding=\"async\" width=\"212\" height=\"300\" src=\"https:\/\/stimcontainers.com\/wp-content\/uploads\/2023\/04\/EN-1090-1-scaled-1-212x300.webp\" class=\"attachment-medium size-medium wp-image-382\" alt=\"\" srcset=\"https:\/\/stimcontainers.com\/wp-content\/uploads\/2023\/04\/EN-1090-1-scaled-1-212x300.webp 212w, https:\/\/stimcontainers.com\/wp-content\/uploads\/2023\/04\/EN-1090-1-scaled-1-724x1024.webp 724w, https:\/\/stimcontainers.com\/wp-content\/uploads\/2023\/04\/EN-1090-1-scaled-1-768x1086.webp 768w, https:\/\/stimcontainers.com\/wp-content\/uploads\/2023\/04\/EN-1090-1-scaled-1-1086x1536.webp 1086w, https:\/\/stimcontainers.com\/wp-content\/uploads\/2023\/04\/EN-1090-1-scaled-1-1448x2048.webp 1448w, https:\/\/stimcontainers.com\/wp-content\/uploads\/2023\/04\/EN-1090-1-scaled-1-8x12.webp 8w, https:\/\/stimcontainers.com\/wp-content\/uploads\/2023\/04\/EN-1090-1-scaled-1.webp 1810w\" sizes=\"auto, (max-width: 212px) 100vw, 212px\" \/>\t\t\t\t\t\t\t\t<\/a>\n\t\t\t\t\t\t\t\t\t\t\t\t\t\t\t<\/div>\n\t\t\t\t<\/div>\n\t\t\t\t\t<\/div>\n\t\t<\/div>\n\t\t\t\t\t\t\t<\/div>\n\t\t<\/section>\n\t\t\t\t<section class=\"elementor-section elementor-inner-section elementor-element elementor-element-ced2f40 elementor-section-boxed elementor-section-height-default elementor-section-height-default\" data-id=\"ced2f40\" data-element_type=\"section\" data-settings=\"{&quot;background_background&quot;:&quot;classic&quot;}\">\n\t\t\t\t\t\t<div class=\"elementor-container elementor-column-gap-default\">\n\t\t\t\t\t<div class=\"elementor-column elementor-col-100 elementor-inner-column elementor-element elementor-element-4091f32\" data-id=\"4091f32\" data-element_type=\"column\" data-settings=\"{&quot;background_background&quot;:&quot;classic&quot;}\">\n\t\t\t<div class=\"elementor-widget-wrap elementor-element-populated\">\n\t\t\t\t\t\t\t\t<div class=\"elementor-element elementor-element-05540d5 elementor-widget elementor-widget-heading\" data-id=\"05540d5\" data-element_type=\"widget\" data-widget_type=\"heading.default\">\n\t\t\t\t<div class=\"elementor-widget-container\">\n\t\t\t<h2 class=\"elementor-heading-title elementor-size-default\">ISO 3834<\/h2>\t\t<\/div>\n\t\t\t\t<\/div>\n\t\t\t\t<div class=\"elementor-element elementor-element-1e8b500 dce_masking-none elementor-widget elementor-widget-image\" data-id=\"1e8b500\" data-element_type=\"widget\" data-widget_type=\"image.default\">\n\t\t\t\t<div class=\"elementor-widget-container\">\n\t\t\t\t\t\t\t\t\t\t\t\t\t\t\t\t<a href=\"https:\/\/stimcontainers.com\/wp-content\/uploads\/2023\/04\/ISO-3834-2-scaled-1.webp\" data-elementor-open-lightbox=\"yes\" data-elementor-lightbox-title=\"ISO-3834-2-scaled.webp\" data-e-action-hash=\"#elementor-action%3Aaction%3Dlightbox%26settings%3DeyJpZCI6Mzg0LCJ1cmwiOiJodHRwczpcL1wvc3RpbWNvbnRhaW5lcnMuY29tXC93cC1jb250ZW50XC91cGxvYWRzXC8yMDIzXC8wNFwvSVNPLTM4MzQtMi1zY2FsZWQtMS53ZWJwIn0%3D\">\n\t\t\t\t\t\t\t<img loading=\"lazy\" decoding=\"async\" width=\"212\" height=\"300\" src=\"https:\/\/stimcontainers.com\/wp-content\/uploads\/2023\/04\/ISO-3834-2-scaled-1-212x300.webp\" class=\"attachment-medium size-medium wp-image-384\" alt=\"\" srcset=\"https:\/\/stimcontainers.com\/wp-content\/uploads\/2023\/04\/ISO-3834-2-scaled-1-212x300.webp 212w, https:\/\/stimcontainers.com\/wp-content\/uploads\/2023\/04\/ISO-3834-2-scaled-1-724x1024.webp 724w, https:\/\/stimcontainers.com\/wp-content\/uploads\/2023\/04\/ISO-3834-2-scaled-1-768x1086.webp 768w, https:\/\/stimcontainers.com\/wp-content\/uploads\/2023\/04\/ISO-3834-2-scaled-1-1086x1536.webp 1086w, https:\/\/stimcontainers.com\/wp-content\/uploads\/2023\/04\/ISO-3834-2-scaled-1-1448x2048.webp 1448w, https:\/\/stimcontainers.com\/wp-content\/uploads\/2023\/04\/ISO-3834-2-scaled-1-8x12.webp 8w, https:\/\/stimcontainers.com\/wp-content\/uploads\/2023\/04\/ISO-3834-2-scaled-1.webp 1810w\" sizes=\"auto, (max-width: 212px) 100vw, 212px\" \/>\t\t\t\t\t\t\t\t<\/a>\n\t\t\t\t\t\t\t\t\t\t\t\t\t\t\t<\/div>\n\t\t\t\t<\/div>\n\t\t\t\t\t<\/div>\n\t\t<\/div>\n\t\t\t\t\t\t\t<\/div>\n\t\t<\/section>\n\t\t\t\t\t<\/div>\n\t\t<\/div>\n\t\t\t\t\t\t\t<\/div>\n\t\t<\/section>\n\t\t\t\t\t\t\t<\/div>","protected":false},"excerpt":{"rendered":"<p>Homepage &gt; 0 years Experience 0 + tonns per months 0 + models of containers Welcome to STIM Containers, a leading player in the steel container industry and a proud member of the esteemed STIM industry group. Though relatively young, our company boasts a core team with over 25 years of invaluable experience in steel &#8230; <a title=\"\u00dcber uns\" class=\"read-more\" href=\"http:\/\/stimcontainers.com\/de\/uber-uns\/\" aria-label=\"Mehr dazu unter About us\">Weiterlesen<\/a><\/p>","protected":false},"author":1,"featured_media":0,"parent":0,"menu_order":0,"comment_status":"closed","ping_status":"closed","template":"","meta":{"footnotes":""},"class_list":["post-342","page","type-page","status-publish"],"acf":[],"_links":{"self":[{"href":"http:\/\/stimcontainers.com\/de\/wp-json\/wp\/v2\/pages\/342","targetHints":{"allow":["GET"]}}],"collection":[{"href":"http:\/\/stimcontainers.com\/de\/wp-json\/wp\/v2\/pages"}],"about":[{"href":"http:\/\/stimcontainers.com\/de\/wp-json\/wp\/v2\/types\/page"}],"author":[{"embeddable":true,"href":"http:\/\/stimcontainers.com\/de\/wp-json\/wp\/v2\/users\/1"}],"replies":[{"embeddable":true,"href":"http:\/\/stimcontainers.com\/de\/wp-json\/wp\/v2\/comments?post=342"}],"version-history":[{"count":0,"href":"http:\/\/stimcontainers.com\/de\/wp-json\/wp\/v2\/pages\/342\/revisions"}],"wp:attachment":[{"href":"http:\/\/stimcontainers.com\/de\/wp-json\/wp\/v2\/media?parent=342"}],"curies":[{"name":"wp","href":"https:\/\/api.w.org\/{rel}","templated":true}]}}